{"id":22,"date":"2016-02-12T08:11:05","date_gmt":"2016-02-12T08:11:05","guid":{"rendered":"http:\/\/demos.famethemes.com\/onepress\/?page_id=22"},"modified":"2023-10-06T12:15:02","modified_gmt":"2023-10-06T10:15:02","slug":"demarche","status":"publish","type":"page","link":"https:\/\/sorienterensemble.fr\/index.php\/demarche\/","title":{"rendered":"Notre d\u00e9marche"},"content":{"rendered":"<p style=\"text-align: justify;\">Depuis 2017, l&rsquo;association \u00ab\u00a0S&rsquo;orienter Ensemble\u00a0\u00bb intervient dans les coll\u00e8ges et autres structures jeunesse afin d&rsquo;aider les jeunes \u00e0 construire leur projet professionnel et\/ou d&rsquo;orientation. Adapt\u00e9es au public b\u00e9n\u00e9ficiaire, nos interventions sont bas\u00e9es sur des activit\u00e9s simples, ludiques et pr\u00f4nant l&rsquo;\u00e9change entre les jeunes.<\/p>\n<p style=\"text-align: justify;\">Nos actions visent \u00e0 \u00e9veiller leur curiosit\u00e9 en faisant d\u00e9couvrir des domaines d&rsquo;activit\u00e9s qu&rsquo;ils ne connaissent pas et \u00e0 contrer les id\u00e9es re\u00e7ues qu&rsquo;ils peuvent avoir sur certaines formations, fili\u00e8res ou\u00a0 m\u00e9tiers. Nous souhaitons \u00e9largir le champs des possibles de chaque jeune en leur pr\u00e9sentant une vision r\u00e9aliste du monde professionnel et des moyens permettant d&rsquo;y acc\u00e9der.<\/p>\n<p style=\"text-align: justify;\">Depuis 2022, nous \u00e9ditons \u00e9galement le panorama des formations post 3\u00e8me (affiche d&rsquo;1m50 par 1m20 sur lequel toutes les formations post 3\u00e8me sont consultables), l&rsquo;annuaire des formations post 3\u00e8me et des jeux de cartes avec QR code. Nous proposons \u00e9galement des temps d&rsquo;\u00e9change avec les parents afin de les informer sur les diff\u00e9rentes possibilit\u00e9s de poursuites d&rsquo;\u00e9tudes post 3\u00e8me.<\/p>\n<p>Si vous souhaitez davantage d&rsquo;informations sur nos actions, vous pouvez nous envoyez un mail \u00e0 : <a href=\"mailto:contact@sorienterensemble\">contact@sorienterensemble.fr<\/a><\/p>\n<p style=\"text-align: =;\"><strong>Pierre Souli\u00e9 &#8211; D\u00e9l\u00e9gu\u00e9 G\u00e9n\u00e9ral \u00ab\u00a0S&rsquo;orienter Ensemble\u00a0\u00bb <\/strong><\/p>\n","protected":false},"excerpt":{"rendered":"<p>Nullam ut tempor eros. Donec faucibus, velit et imperdiet aliquam, lacus velit luctus urna, vitae porttitor orci libero id felis.<\/p>\n","protected":false},"author":2,"featured_media":0,"parent":0,"menu_order":0,"comment_status":"closed","ping_status":"closed","template":"","meta":{"_monsterinsights_skip_tracking":false,"_monsterinsights_sitenote_active":false,"_monsterinsights_sitenote_note":"","_monsterinsights_sitenote_category":0},"_links":{"self":[{"href":"https:\/\/sorienterensemble.fr\/index.php\/wp-json\/wp\/v2\/pages\/22"}],"collection":[{"href":"https:\/\/sorienterensemble.fr\/index.php\/wp-json\/wp\/v2\/pages"}],"about":[{"href":"https:\/\/sorienterensemble.fr\/index.php\/wp-json\/wp\/v2\/types\/page"}],"author":[{"embeddable":true,"href":"https:\/\/sorienterensemble.fr\/index.php\/wp-json\/wp\/v2\/users\/2"}],"replies":[{"embeddable":true,"href":"https:\/\/sorienterensemble.fr\/index.php\/wp-json\/wp\/v2\/comments?post=22"}],"version-history":[{"count":23,"href":"https:\/\/sorienterensemble.fr\/index.php\/wp-json\/wp\/v2\/pages\/22\/revisions"}],"predecessor-version":[{"id":1581,"href":"https:\/\/sorienterensemble.fr\/index.php\/wp-json\/wp\/v2\/pages\/22\/revisions\/1581"}],"wp:attachment":[{"href":"https:\/\/sorienterensemble.fr\/index.php\/wp-json\/wp\/v2\/media?parent=22"}],"curies":[{"name":"wp","href":"https:\/\/api.w.org\/{rel}","templated":true}]}}