{"id":17,"date":"2016-02-12T08:09:36","date_gmt":"2016-02-12T08:09:36","guid":{"rendered":"http:\/\/demos.famethemes.com\/onepress\/?page_id=17"},"modified":"2018-07-19T16:09:40","modified_gmt":"2018-07-19T14:09:40","slug":"nous-soutenir","status":"publish","type":"page","link":"https:\/\/sorienterensemble.fr\/index.php\/nous-soutenir\/","title":{"rendered":"Nous soutenir"},"content":{"rendered":"<p style=\"text-align: justify;\"><strong>\u00ab\u00a0S&rsquo;orienter ensemble\u00a0\u00bb a besoin de vous&#8230;<\/strong><\/p>\n<p><strong>&#8230;En tant que b\u00e9n\u00e9vole<\/strong><\/p>\n<p>Afin de faire profiter de nos actions au plus grand nombre, nous proposons un large spectre de missions allant de la co-animation de programmes jusqu&rsquo;\u00e0 la recherche de partenaires (fundraising&#8230;).<\/p>\n<p>N&rsquo;h\u00e9sitez pas \u00e0 nous contacter pour plus d&rsquo;informations.<\/p>\n<p><strong>&#8230;En tant que financeur<\/strong><\/p>\n<p style=\"text-align: justify;\">Nous avons pens\u00e9 nos actions pour que leurs co\u00fbts soient le plus faible possible. N\u00e9anmoins, nous sommes toujours \u00e0 la recherche de financeurs ; la formation, la r\u00e9daction &amp; \u00e9dition des livrets, la mise \u00e0 jour des outils, le suivi, la mise en place des actions repr\u00e9sentent des centres de d\u00e9penses \u00e0 couvrir.<br \/>\nPour cela, nous sollicitons les fondations d&rsquo;entreprises, les collectivit\u00e9s et toutes les structures pouvant nous soutenir par le biais de subventions, m\u00e9c\u00e9nat financier et m\u00e9c\u00e9nat de comp\u00e9tences.<br \/>\n<strong><br \/>\nVous souhaitez nous soutenir ? Contactez-nous en remplissant le formulaire ci-dessous.<\/strong><\/p>\n<div role=\"form\" class=\"wpcf7\" id=\"wpcf7-f3-o1\" lang=\"fr-FR\" dir=\"ltr\">\n<div class=\"screen-reader-response\"><\/div>\n<form action=\"\/index.php\/wp-json\/wp\/v2\/pages\/17#wpcf7-f3-o1\" method=\"post\" class=\"wpcf7-form\" novalidate=\"novalidate\">\n<div style=\"display: none;\">\n<input type=\"hidden\" name=\"_wpcf7\" value=\"3\" \/>\n<input type=\"hidden\" name=\"_wpcf7_version\" value=\"4.9.1\" \/>\n<input type=\"hidden\" name=\"_wpcf7_locale\" value=\"fr_FR\" \/>\n<input type=\"hidden\" name=\"_wpcf7_unit_tag\" value=\"wpcf7-f3-o1\" \/>\n<input type=\"hidden\" name=\"_wpcf7_container_post\" value=\"0\" \/>\n<\/div>\n<p><label> Votre nom (obligatoire)<br \/>\n    <span class=\"wpcf7-form-control-wrap your-name\"><input type=\"text\" name=\"your-name\" value=\"\" size=\"40\" class=\"wpcf7-form-control wpcf7-text wpcf7-validates-as-required\" aria-required=\"true\" aria-invalid=\"false\" \/><\/span> <\/label><\/p>\n<p><label> Votre adresse de messagerie (obligatoire)<br \/>\n    <span class=\"wpcf7-form-control-wrap your-email\"><input type=\"email\" name=\"your-email\" value=\"\" size=\"40\" class=\"wpcf7-form-control wpcf7-text wpcf7-email wpcf7-validates-as-required wpcf7-validates-as-email\" aria-required=\"true\" aria-invalid=\"false\" \/><\/span> <\/label><\/p>\n<p><label> Objet<br \/>\n    <span class=\"wpcf7-form-control-wrap your-subject\"><input type=\"text\" name=\"your-subject\" value=\"\" size=\"40\" class=\"wpcf7-form-control wpcf7-text\" aria-invalid=\"false\" \/><\/span> <\/label><\/p>\n<p><label> Votre message<br \/>\n    <span class=\"wpcf7-form-control-wrap your-message\"><textarea name=\"your-message\" cols=\"40\" rows=\"10\" class=\"wpcf7-form-control wpcf7-textarea\" aria-invalid=\"false\"><\/textarea><\/span> <\/label><\/p>\n<p><input type=\"submit\" value=\"Envoyer\" class=\"wpcf7-form-control wpcf7-submit\" \/><\/p>\n<div class=\"wpcf7-response-output wpcf7-display-none\"><\/div><\/form><\/div>\n","protected":false},"excerpt":{"rendered":"<p>Nullam ut tempor eros. Donec faucibus, velit et imperdiet aliquam, lacus velit luctus urna, vitae porttitor orci libero id felis.<\/p>\n","protected":false},"author":2,"featured_media":18,"parent":0,"menu_order":0,"comment_status":"closed","ping_status":"closed","template":"","meta":{"_monsterinsights_skip_tracking":false,"_monsterinsights_sitenote_active":false,"_monsterinsights_sitenote_note":"","_monsterinsights_sitenote_category":0},"_links":{"self":[{"href":"https:\/\/sorienterensemble.fr\/index.php\/wp-json\/wp\/v2\/pages\/17"}],"collection":[{"href":"https:\/\/sorienterensemble.fr\/index.php\/wp-json\/wp\/v2\/pages"}],"about":[{"href":"https:\/\/sorienterensemble.fr\/index.php\/wp-json\/wp\/v2\/types\/page"}],"author":[{"embeddable":true,"href":"https:\/\/sorienterensemble.fr\/index.php\/wp-json\/wp\/v2\/users\/2"}],"replies":[{"embeddable":true,"href":"https:\/\/sorienterensemble.fr\/index.php\/wp-json\/wp\/v2\/comments?post=17"}],"version-history":[{"count":8,"href":"https:\/\/sorienterensemble.fr\/index.php\/wp-json\/wp\/v2\/pages\/17\/revisions"}],"predecessor-version":[{"id":1476,"href":"https:\/\/sorienterensemble.fr\/index.php\/wp-json\/wp\/v2\/pages\/17\/revisions\/1476"}],"wp:featuredmedia":[{"embeddable":true,"href":"https:\/\/sorienterensemble.fr\/index.php\/wp-json\/wp\/v2\/media\/18"}],"wp:attachment":[{"href":"https:\/\/sorienterensemble.fr\/index.php\/wp-json\/wp\/v2\/media?parent=17"}],"curies":[{"name":"wp","href":"https:\/\/api.w.org\/{rel}","templated":true}]}}