{"id":1576,"date":"2023-10-06T12:24:49","date_gmt":"2023-10-06T10:24:49","guid":{"rendered":"https:\/\/sorienterensemble.fr\/?page_id=1576"},"modified":"2025-09-15T15:06:14","modified_gmt":"2025-09-15T13:06:14","slug":"annuaire-des-formations-professionnelles-post-3eme","status":"publish","type":"page","link":"https:\/\/sorienterensemble.fr\/index.php\/annuaire-des-formations-professionnelles-post-3eme\/","title":{"rendered":"Annuaire des formations professionnelles post 3\u00e8me"},"content":{"rendered":"\n<p>L&rsquo;association \u00ab\u00a0S&rsquo;orienter Ensemble\u00a0\u00bb met \u00e0 disposition, gratuitement, l&rsquo;annuaire des formations professionnelles post 3\u00e8me pour la r\u00e9gion Ile de France. Une version papier est commandable \u00e0 la demande <a href=\"mailto: contact@sorienterensemble.fr\">en cliquant ici<\/a>.<br>Cet annuaire fait \u00e9galement parti de notre kit \u00ab\u00a0Informations voie Pro post 3\u00e8me\u00a0\u00bb comprenant notre panorama des formations post 3\u00e8me (affiche de 1m50*1m20) et notre jeu de cartes \u00ab\u00a0Formations voie pro post 3\u00e8me\u00a0\u00bb \u00e0 destination des coll\u00e8ges.<br>L&rsquo;association S&rsquo;orienter Ensemble propose \u00e9galement des interventions sur la th\u00e9matique de la d\u00e9couverte des m\u00e9tiers, des formations et la sensibilisation \u00e0 l&rsquo;orientation.<br>Pour toute information, merci de nous envoyer un mail \u00e0 <a href=\"mailto: contact@sorienterensemble.fr\">contact@sorienterensemble.fr<\/a>.<\/p>\n\n\n\n\t\t<style>\r\n            #h5vp69ea2d362ff93 .iframe_wrapper {  height: 1122px; width: 100%; }        <\/style>\r\n        \t    <div id=\"h5vp69ea2d362ff93\" class=\"pdfp_wrapper\">\r\n                        <div class=\"cta_wrapper\">\r\n                \t            <p><a class=\"fullscreenBtn\" href=\"https:\/\/sorienterensemble.fr\/wp-content\/plugins\/pdf-poster\/pdfjs\/web\/viewer.html?file=https:\/\/sorienterensemble.fr\/wp-content\/uploads\/2025\/09\/SOE_Annuaire-formation_2025-2026_opti.pdf&#038;download=true&#038;print=false&#038;openfile=false\"><button>View Fullscreen<\/button><\/a><\/p>\r\n            <\/div>\r\n            <div class=\"iframe_wrapper\">\r\n                <span class=\"close\">&times;<\/span>\r\n                <iframe loading=\"lazy\" width=\"100%\" height=\"1122px\" src=\"https:\/\/sorienterensemble.fr\/wp-content\/plugins\/pdf-poster\/pdfjs\/web\/viewer.html?file=https:\/\/sorienterensemble.fr\/wp-content\/uploads\/2025\/09\/SOE_Annuaire-formation_2025-2026_opti.pdf&#038;download=true&#038;print=false&#038;openfile=false\"><\/iframe>\r\n            <\/div>\r\n\t    <\/div>\r\n        \n","protected":false},"excerpt":{"rendered":"<p>L&rsquo;association \u00ab\u00a0S&rsquo;orienter Ensemble\u00a0\u00bb met \u00e0 disposition, gratuitement, l&rsquo;annuaire des formations professionnelles post 3\u00e8me pour la r\u00e9gion Ile de France. Une version papier est commandable \u00e0 la demande en cliquant ici.Cet &#8230;<\/p>\n","protected":false},"author":1,"featured_media":0,"parent":0,"menu_order":0,"comment_status":"closed","ping_status":"closed","template":"","meta":{"_monsterinsights_skip_tracking":false,"_monsterinsights_sitenote_active":false,"_monsterinsights_sitenote_note":"","_monsterinsights_sitenote_category":0},"_links":{"self":[{"href":"https:\/\/sorienterensemble.fr\/index.php\/wp-json\/wp\/v2\/pages\/1576"}],"collection":[{"href":"https:\/\/sorienterensemble.fr\/index.php\/wp-json\/wp\/v2\/pages"}],"about":[{"href":"https:\/\/sorienterensemble.fr\/index.php\/wp-json\/wp\/v2\/types\/page"}],"author":[{"embeddable":true,"href":"https:\/\/sorienterensemble.fr\/index.php\/wp-json\/wp\/v2\/users\/1"}],"replies":[{"embeddable":true,"href":"https:\/\/sorienterensemble.fr\/index.php\/wp-json\/wp\/v2\/comments?post=1576"}],"version-history":[{"count":8,"href":"https:\/\/sorienterensemble.fr\/index.php\/wp-json\/wp\/v2\/pages\/1576\/revisions"}],"predecessor-version":[{"id":1610,"href":"https:\/\/sorienterensemble.fr\/index.php\/wp-json\/wp\/v2\/pages\/1576\/revisions\/1610"}],"wp:attachment":[{"href":"https:\/\/sorienterensemble.fr\/index.php\/wp-json\/wp\/v2\/media?parent=1576"}],"curies":[{"name":"wp","href":"https:\/\/api.w.org\/{rel}","templated":true}]}}