{"id":1450,"date":"2018-10-16T17:56:57","date_gmt":"2018-10-16T15:56:57","guid":{"rendered":"http:\/\/sorienterensemble.fr\/?page_id=1450"},"modified":"2023-10-06T10:30:16","modified_gmt":"2023-10-06T08:30:16","slug":"nos-partenaires","status":"publish","type":"page","link":"https:\/\/sorienterensemble.fr\/index.php\/nos-partenaires\/","title":{"rendered":"Nos partenaires"},"content":{"rendered":"\n<div class=\"wp-container-1 wp-block-group\"><div class=\"wp-block-group__inner-container\"><\/div><\/div>\n\n\n\n<div class=\"wp-container-5 wp-block-group\"><div class=\"wp-block-group__inner-container\">\n<div class=\"wp-container-4 wp-block-group\"><div class=\"wp-block-group__inner-container\">\n<figure class=\"wp-container-3 wp-block-gallery-2 wp-block-gallery has-nested-images columns-default\">\n<figure class=\"wp-block-image size-large\"><img loading=\"lazy\" width=\"1024\" height=\"215\" src=\"https:\/\/sorienterensemble.fr\/wp-content\/uploads\/2023\/10\/FR-Cofinance-par-lUnion-europeenne_POS-4-1024x215.jpg\" alt=\"\" class=\"wp-image-1565\" srcset=\"https:\/\/sorienterensemble.fr\/wp-content\/uploads\/2023\/10\/FR-Cofinance-par-lUnion-europeenne_POS-4-1024x215.jpg 1024w, https:\/\/sorienterensemble.fr\/wp-content\/uploads\/2023\/10\/FR-Cofinance-par-lUnion-europeenne_POS-4-300x63.jpg 300w, https:\/\/sorienterensemble.fr\/wp-content\/uploads\/2023\/10\/FR-Cofinance-par-lUnion-europeenne_POS-4-768x161.jpg 768w, https:\/\/sorienterensemble.fr\/wp-content\/uploads\/2023\/10\/FR-Cofinance-par-lUnion-europeenne_POS-4-1536x322.jpg 1536w, https:\/\/sorienterensemble.fr\/wp-content\/uploads\/2023\/10\/FR-Cofinance-par-lUnion-europeenne_POS-4-2048x430.jpg 2048w\" sizes=\"(max-width: 1024px) 100vw, 1024px\" \/><\/figure>\n\n\n\n<figure class=\"wp-block-image size-large\"><img loading=\"lazy\" width=\"525\" height=\"289\" src=\"https:\/\/sorienterensemble.fr\/wp-content\/uploads\/2023\/10\/Region-acad-IDF-2.jpg\" alt=\"\" class=\"wp-image-1564\" srcset=\"https:\/\/sorienterensemble.fr\/wp-content\/uploads\/2023\/10\/Region-acad-IDF-2.jpg 525w, https:\/\/sorienterensemble.fr\/wp-content\/uploads\/2023\/10\/Region-acad-IDF-2-300x165.jpg 300w\" sizes=\"(max-width: 525px) 100vw, 525px\" \/><\/figure>\n\n\n\n<figure class=\"wp-block-image size-large\"><img loading=\"lazy\" width=\"1024\" height=\"233\" src=\"https:\/\/sorienterensemble.fr\/wp-content\/uploads\/2023\/06\/Region_Ile-de-France_logo.svg_-1024x233.png\" alt=\"\" class=\"wp-image-1536\" srcset=\"https:\/\/sorienterensemble.fr\/wp-content\/uploads\/2023\/06\/Region_Ile-de-France_logo.svg_-1024x233.png 1024w, https:\/\/sorienterensemble.fr\/wp-content\/uploads\/2023\/06\/Region_Ile-de-France_logo.svg_-300x68.png 300w, https:\/\/sorienterensemble.fr\/wp-content\/uploads\/2023\/06\/Region_Ile-de-France_logo.svg_-768x175.png 768w, https:\/\/sorienterensemble.fr\/wp-content\/uploads\/2023\/06\/Region_Ile-de-France_logo.svg_-1536x349.png 1536w, https:\/\/sorienterensemble.fr\/wp-content\/uploads\/2023\/06\/Region_Ile-de-France_logo.svg_-2048x466.png 2048w\" sizes=\"(max-width: 1024px) 100vw, 1024px\" \/><\/figure>\n\n\n\n<figure class=\"wp-block-image size-large\"><img loading=\"lazy\" width=\"1024\" height=\"302\" src=\"https:\/\/sorienterensemble.fr\/wp-content\/uploads\/2023\/10\/logo-VINCI-1-1-1-1024x302.png\" alt=\"\" class=\"wp-image-1567\" srcset=\"https:\/\/sorienterensemble.fr\/wp-content\/uploads\/2023\/10\/logo-VINCI-1-1-1-1024x302.png 1024w, https:\/\/sorienterensemble.fr\/wp-content\/uploads\/2023\/10\/logo-VINCI-1-1-1-300x89.png 300w, https:\/\/sorienterensemble.fr\/wp-content\/uploads\/2023\/10\/logo-VINCI-1-1-1-768x227.png 768w, https:\/\/sorienterensemble.fr\/wp-content\/uploads\/2023\/10\/logo-VINCI-1-1-1-1536x454.png 1536w, https:\/\/sorienterensemble.fr\/wp-content\/uploads\/2023\/10\/logo-VINCI-1-1-1-2048x605.png 2048w\" sizes=\"(max-width: 1024px) 100vw, 1024px\" \/><\/figure>\n\n\n\n<figure class=\"wp-block-image size-large\"><img loading=\"lazy\" width=\"256\" height=\"140\" src=\"https:\/\/sorienterensemble.fr\/wp-content\/uploads\/2023\/06\/Logo-egis.gif\" alt=\"\" class=\"wp-image-1550\"\/><\/figure>\n\n\n\n<figure class=\"wp-block-image size-large\"><img loading=\"lazy\" width=\"137\" height=\"137\" src=\"https:\/\/sorienterensemble.fr\/wp-content\/uploads\/2018\/10\/Image1.jpg\" alt=\"\" class=\"wp-image-1508\"\/><\/figure>\n\n\n\n<figure class=\"wp-block-image size-large\"><img loading=\"lazy\" width=\"160\" height=\"160\" src=\"https:\/\/sorienterensemble.fr\/wp-content\/uploads\/2018\/07\/logo-noisy-le-grand.jpg\" alt=\"\" class=\"wp-image-1457\" srcset=\"https:\/\/sorienterensemble.fr\/wp-content\/uploads\/2018\/07\/logo-noisy-le-grand.jpg 160w, https:\/\/sorienterensemble.fr\/wp-content\/uploads\/2018\/07\/logo-noisy-le-grand-150x150.jpg 150w\" sizes=\"(max-width: 160px) 100vw, 160px\" \/><\/figure>\n\n\n\n<figure class=\"wp-block-image size-full\"><img loading=\"lazy\" width=\"2560\" height=\"1429\" src=\"https:\/\/sorienterensemble.fr\/wp-content\/uploads\/2023\/06\/2560px-Logo_Val_Oise.svg_.png\" alt=\"\" class=\"wp-image-1544\" srcset=\"https:\/\/sorienterensemble.fr\/wp-content\/uploads\/2023\/06\/2560px-Logo_Val_Oise.svg_.png 2560w, https:\/\/sorienterensemble.fr\/wp-content\/uploads\/2023\/06\/2560px-Logo_Val_Oise.svg_-300x167.png 300w, https:\/\/sorienterensemble.fr\/wp-content\/uploads\/2023\/06\/2560px-Logo_Val_Oise.svg_-1024x572.png 1024w, https:\/\/sorienterensemble.fr\/wp-content\/uploads\/2023\/06\/2560px-Logo_Val_Oise.svg_-768x429.png 768w, https:\/\/sorienterensemble.fr\/wp-content\/uploads\/2023\/06\/2560px-Logo_Val_Oise.svg_-1536x857.png 1536w, https:\/\/sorienterensemble.fr\/wp-content\/uploads\/2023\/06\/2560px-Logo_Val_Oise.svg_-2048x1143.png 2048w\" sizes=\"(max-width: 2560px) 100vw, 2560px\" \/><\/figure>\n\n\n\n<figure class=\"wp-block-image size-large\"><img loading=\"lazy\" width=\"300\" height=\"225\" src=\"https:\/\/sorienterensemble.fr\/wp-content\/uploads\/2023\/10\/logo-actu_0-1.jpg\" alt=\"\" class=\"wp-image-1569\"\/><\/figure>\n\n\n\n<figure class=\"wp-block-image size-large\"><img loading=\"lazy\" width=\"1024\" height=\"1024\" src=\"https:\/\/sorienterensemble.fr\/wp-content\/uploads\/2023\/06\/Prefet_de_la_Seine-Saint-Denis.svg_-1024x1024.png\" alt=\"\" class=\"wp-image-1547\" srcset=\"https:\/\/sorienterensemble.fr\/wp-content\/uploads\/2023\/06\/Prefet_de_la_Seine-Saint-Denis.svg_-1024x1024.png 1024w, https:\/\/sorienterensemble.fr\/wp-content\/uploads\/2023\/06\/Prefet_de_la_Seine-Saint-Denis.svg_-300x300.png 300w, https:\/\/sorienterensemble.fr\/wp-content\/uploads\/2023\/06\/Prefet_de_la_Seine-Saint-Denis.svg_-150x150.png 150w, https:\/\/sorienterensemble.fr\/wp-content\/uploads\/2023\/06\/Prefet_de_la_Seine-Saint-Denis.svg_-768x768.png 768w, https:\/\/sorienterensemble.fr\/wp-content\/uploads\/2023\/06\/Prefet_de_la_Seine-Saint-Denis.svg_.png 1200w\" sizes=\"(max-width: 1024px) 100vw, 1024px\" \/><\/figure>\n\n\n\n<figure class=\"wp-block-image size-large\"><img loading=\"lazy\" width=\"1024\" height=\"831\" src=\"https:\/\/sorienterensemble.fr\/wp-content\/uploads\/2023\/06\/Prefet_de_lEssonne.svg_-1024x831.png\" alt=\"\" class=\"wp-image-1546\" srcset=\"https:\/\/sorienterensemble.fr\/wp-content\/uploads\/2023\/06\/Prefet_de_lEssonne.svg_-1024x831.png 1024w, https:\/\/sorienterensemble.fr\/wp-content\/uploads\/2023\/06\/Prefet_de_lEssonne.svg_-300x244.png 300w, https:\/\/sorienterensemble.fr\/wp-content\/uploads\/2023\/06\/Prefet_de_lEssonne.svg_-768x623.png 768w, https:\/\/sorienterensemble.fr\/wp-content\/uploads\/2023\/06\/Prefet_de_lEssonne.svg_.png 1200w\" sizes=\"(max-width: 1024px) 100vw, 1024px\" \/><\/figure>\n\n\n\n<figure class=\"wp-block-image size-large\"><img loading=\"lazy\" width=\"1024\" height=\"831\" src=\"https:\/\/sorienterensemble.fr\/wp-content\/uploads\/2023\/06\/Prefet_des_Yvelines.svg_-1024x831.png\" alt=\"\" class=\"wp-image-1549\" srcset=\"https:\/\/sorienterensemble.fr\/wp-content\/uploads\/2023\/06\/Prefet_des_Yvelines.svg_-1024x831.png 1024w, https:\/\/sorienterensemble.fr\/wp-content\/uploads\/2023\/06\/Prefet_des_Yvelines.svg_-300x244.png 300w, https:\/\/sorienterensemble.fr\/wp-content\/uploads\/2023\/06\/Prefet_des_Yvelines.svg_-768x623.png 768w, https:\/\/sorienterensemble.fr\/wp-content\/uploads\/2023\/06\/Prefet_des_Yvelines.svg_.png 1200w\" sizes=\"(max-width: 1024px) 100vw, 1024px\" \/><\/figure>\n\n\n\n<figure class=\"wp-block-image size-large\"><img loading=\"lazy\" width=\"408\" height=\"123\" src=\"https:\/\/sorienterensemble.fr\/wp-content\/uploads\/2018\/10\/seine-saint-denis.png\" alt=\"\" class=\"wp-image-1491\" srcset=\"https:\/\/sorienterensemble.fr\/wp-content\/uploads\/2018\/10\/seine-saint-denis.png 408w, https:\/\/sorienterensemble.fr\/wp-content\/uploads\/2018\/10\/seine-saint-denis-300x90.png 300w\" sizes=\"(max-width: 408px) 100vw, 408px\" \/><\/figure>\n\n\n\n<figure class=\"wp-block-image size-large\"><img loading=\"lazy\" width=\"1024\" height=\"899\" src=\"https:\/\/sorienterensemble.fr\/wp-content\/uploads\/2023\/06\/Creation-logo-paris-1024x899.webp\" alt=\"\" class=\"wp-image-1543\" srcset=\"https:\/\/sorienterensemble.fr\/wp-content\/uploads\/2023\/06\/Creation-logo-paris-1024x899.webp 1024w, https:\/\/sorienterensemble.fr\/wp-content\/uploads\/2023\/06\/Creation-logo-paris-300x264.webp 300w, https:\/\/sorienterensemble.fr\/wp-content\/uploads\/2023\/06\/Creation-logo-paris-768x675.webp 768w, https:\/\/sorienterensemble.fr\/wp-content\/uploads\/2023\/06\/Creation-logo-paris.webp 1200w\" sizes=\"(max-width: 1024px) 100vw, 1024px\" \/><\/figure>\n\n\n\n<figure class=\"wp-block-image size-large\"><img loading=\"lazy\" width=\"1024\" height=\"584\" src=\"https:\/\/sorienterensemble.fr\/wp-content\/uploads\/2023\/06\/Logo-ANCT-seul-1024x584.png\" alt=\"\" class=\"wp-image-1542\" srcset=\"https:\/\/sorienterensemble.fr\/wp-content\/uploads\/2023\/06\/Logo-ANCT-seul-1024x584.png 1024w, https:\/\/sorienterensemble.fr\/wp-content\/uploads\/2023\/06\/Logo-ANCT-seul-300x171.png 300w, https:\/\/sorienterensemble.fr\/wp-content\/uploads\/2023\/06\/Logo-ANCT-seul-768x438.png 768w, https:\/\/sorienterensemble.fr\/wp-content\/uploads\/2023\/06\/Logo-ANCT-seul.png 1034w\" sizes=\"(max-width: 1024px) 100vw, 1024px\" \/><\/figure>\n\n\n\n<figure class=\"wp-block-image size-full\"><img loading=\"lazy\" width=\"2165\" height=\"515\" src=\"https:\/\/sorienterensemble.fr\/wp-content\/uploads\/2023\/06\/Alliance_pour_l_education__RGB_Horizontal_couleurs.jpg\" alt=\"\" class=\"wp-image-1541\" srcset=\"https:\/\/sorienterensemble.fr\/wp-content\/uploads\/2023\/06\/Alliance_pour_l_education__RGB_Horizontal_couleurs.jpg 2165w, https:\/\/sorienterensemble.fr\/wp-content\/uploads\/2023\/06\/Alliance_pour_l_education__RGB_Horizontal_couleurs-300x71.jpg 300w, https:\/\/sorienterensemble.fr\/wp-content\/uploads\/2023\/06\/Alliance_pour_l_education__RGB_Horizontal_couleurs-1024x244.jpg 1024w, https:\/\/sorienterensemble.fr\/wp-content\/uploads\/2023\/06\/Alliance_pour_l_education__RGB_Horizontal_couleurs-768x183.jpg 768w, https:\/\/sorienterensemble.fr\/wp-content\/uploads\/2023\/06\/Alliance_pour_l_education__RGB_Horizontal_couleurs-1536x365.jpg 1536w, https:\/\/sorienterensemble.fr\/wp-content\/uploads\/2023\/06\/Alliance_pour_l_education__RGB_Horizontal_couleurs-2048x487.jpg 2048w\" sizes=\"(max-width: 2165px) 100vw, 2165px\" \/><\/figure>\n\n\n\n<figure class=\"wp-block-image size-large\"><img loading=\"lazy\" width=\"327\" height=\"154\" src=\"https:\/\/sorienterensemble.fr\/wp-content\/uploads\/2018\/10\/champigny-sur-marne.png\" alt=\"\" class=\"wp-image-1493\" srcset=\"https:\/\/sorienterensemble.fr\/wp-content\/uploads\/2018\/10\/champigny-sur-marne.png 327w, https:\/\/sorienterensemble.fr\/wp-content\/uploads\/2018\/10\/champigny-sur-marne-300x141.png 300w\" sizes=\"(max-width: 327px) 100vw, 327px\" \/><\/figure>\n<\/figure>\n<\/div><\/div>\n<\/div><\/div>\n\n\n\n<p><a href=\"https:\/\/www.unitedway.fr\/\">       <\/a>     <\/p>\n\n\n\n<p><strong><em>Le FSE + : un acc\u00e9l\u00e9rateur de d\u00e9veloppement pour S&rsquo;orienter Ensemble<\/em><\/strong><\/p>\n\n\n\n<p>Co-financ\u00e9e par l&rsquo;Union Europ\u00e9enne via le programme FSE+ depuis 2023, l&rsquo;association S&rsquo;orienter Ensemble a pu \u00e9tendre son dispositif de \u00ab\u00a0Stage de d\u00e9couverte de la voie professionnelle\u00a0\u00bb \u00e0 de nouveaux \u00e9tablissement en Ile de France.<\/p>\n\n\n\n<p><em><strong>Alliance pour l&rsquo;\u00e9ducation &#8211; United Way : un partenaire cl\u00e9<\/strong><\/em><\/p>\n\n\n\n<p>Issue de la fusion de United Way Tocqueville et de L\u2019Alliance pour l\u2019Education, cette structure a pour vocation de co-construire des programmes, o\u00f9 les acteurs priv\u00e9s, publics et solidaires s\u2019engagent pour r\u00e9pondre collectivement aux enjeux prioritaires des territoires. Son programme phare \u00ab&nbsp;D\u00e9fi Jeunesse&nbsp;\u00bb a pour objectif de cr\u00e9er les conditions d\u2019un avenir professionnel choisi pour les jeunes issus des territoires prioritaires.<\/p>\n\n\n\n<p>Ce programme accompagne les \u00e9l\u00e8ves tout au long de leur parcours scolaire, de la 6<sup>\u00e8me<\/sup> \u00e0 la Terminale. Un accompagnement collectif et individualis\u00e9 leur permet de d\u00e9velopper des savoir-faire d\u2019une part, \u00e0 travers des activit\u00e9s ludo-\u00e9ducatives et des savoir-\u00eatre d\u2019autre part, \u00e0 travers des activit\u00e9s de bien-\u00eatre.<\/p>\n\n\n\n<p>Ces ateliers sont adapt\u00e9s \u00e0 chaque niveau de classe: <strong>d\u00e9couvrir<\/strong> le monde professionnel en 6<sup>\u00e8me<\/sup>, <strong>d\u00e9velopper<\/strong> la confiance en soi et se familiariser avec le monde du travail en 5<sup>\u00e8me<\/sup>, apprendre \u00e0 <strong>construire<\/strong> son projet professionnel en 4<sup>\u00e8me<\/sup>, d\u00e9velopper un premier niveau d\u2019autonomie dans ses choix d\u2019orientation et <strong>interagir<\/strong> en confiance avec les collaborateurs lors du stage d\u2019observation.<\/p>\n\n\n\n<p>Pour en savoir plus, <a href=\"https:\/\/alliance-education-uw.org\/nos-programmes\/#defijeunesse\">cliquez ici<\/a>.<\/p>\n\n\n\n<p><strong>Pourquoi avoir choisi de nouer un partenariat avec \u00ab&nbsp;S\u2019orienter Ensemble&nbsp;\u00bb&nbsp;?<\/strong><\/p>\n\n\n\n<p>AE &#8211; United Way avait besoin de consolider son impact et ses actions sur l\u2019orientation des \u00e9l\u00e8ves, avec un d\u00e9marrage d\u00e8s la 4<sup>\u00e8me. <\/sup>Les programmes de \u00ab&nbsp;S\u2019orienter ensemble&nbsp;\u00bb correspondent aux objectifs de notre programme D\u00e9fi Jeunesse.<\/p>\n\n\n\n<p><strong>Quel est, pour vous, la plus-value des programmes de l\u2019association \u00ab&nbsp;S\u2019orienter Ensemble&nbsp;\u00bb&nbsp;?<\/strong><\/p>\n\n\n\n<p>\u00ab&nbsp;S\u2019orienter Ensemble&nbsp;\u00bb&nbsp;offre une tr\u00e8s grande flexibilit\u00e9, en terme de volume et de coh\u00e9rence, une approche ludo-\u00e9ducative et des outils bien construits \u00e0 destination des \u00e9l\u00e8ves.<\/p>\n\n\n\n<p><em>De nombreux partenaires sont en train de nous rejoindre. Pourquoi pas vous ?<br><\/em><\/p>\n\n\n\n<p>Contactez-nous sur : <a href=\"mailto:contact@sorienterensemble.fr\">contact@sorienterensemble.fr<\/a><\/p>\n","protected":false},"excerpt":{"rendered":"<p>Le FSE + : un acc\u00e9l\u00e9rateur de d\u00e9veloppement pour S&rsquo;orienter Ensemble Co-financ\u00e9e par l&rsquo;Union Europ\u00e9enne via le programme FSE+ depuis 2023, l&rsquo;association S&rsquo;orienter Ensemble a pu \u00e9tendre son dispositif de &#8230;<\/p>\n","protected":false},"author":1,"featured_media":0,"parent":0,"menu_order":0,"comment_status":"closed","ping_status":"closed","template":"","meta":{"_monsterinsights_skip_tracking":false,"_monsterinsights_sitenote_active":false,"_monsterinsights_sitenote_note":"","_monsterinsights_sitenote_category":0},"_links":{"self":[{"href":"https:\/\/sorienterensemble.fr\/index.php\/wp-json\/wp\/v2\/pages\/1450"}],"collection":[{"href":"https:\/\/sorienterensemble.fr\/index.php\/wp-json\/wp\/v2\/pages"}],"about":[{"href":"https:\/\/sorienterensemble.fr\/index.php\/wp-json\/wp\/v2\/types\/page"}],"author":[{"embeddable":true,"href":"https:\/\/sorienterensemble.fr\/index.php\/wp-json\/wp\/v2\/users\/1"}],"replies":[{"embeddable":true,"href":"https:\/\/sorienterensemble.fr\/index.php\/wp-json\/wp\/v2\/comments?post=1450"}],"version-history":[{"count":18,"href":"https:\/\/sorienterensemble.fr\/index.php\/wp-json\/wp\/v2\/pages\/1450\/revisions"}],"predecessor-version":[{"id":1571,"href":"https:\/\/sorienterensemble.fr\/index.php\/wp-json\/wp\/v2\/pages\/1450\/revisions\/1571"}],"wp:attachment":[{"href":"https:\/\/sorienterensemble.fr\/index.php\/wp-json\/wp\/v2\/media?parent=1450"}],"curies":[{"name":"wp","href":"https:\/\/api.w.org\/{rel}","templated":true}]}}