{"id":1302,"date":"2017-11-30T13:17:09","date_gmt":"2017-11-30T12:17:09","guid":{"rendered":"http:\/\/sorienterensemble.fr\/?page_id=1302"},"modified":"2022-01-25T17:34:11","modified_gmt":"2022-01-25T16:34:11","slug":"notre-methodologie","status":"publish","type":"page","link":"https:\/\/sorienterensemble.fr\/index.php\/notre-methodologie\/","title":{"rendered":"Notre m\u00e9thodologie"},"content":{"rendered":"<p style=\"text-align: justify;\"><strong>Notre m\u00e9thodologie repose sur les points suivants :<\/strong><\/p>\n<ul style=\"text-align: justify;\">\n<li>La construction d\u2019un projet professionnel\/d&rsquo;orientation doit se baser sur le d\u00e9veloppement de trois types de connaissances (monde professionnel, fili\u00e8res\/formations, soi) et cr\u00e9er une connexion entre ses trois ensembles.<\/li>\n<li>Les id\u00e9es re\u00e7ues sur les fili\u00e8res, formations ou m\u00e9tiers peuvent influencer les choix d&rsquo;orientation ou professionnels, il faut donc les combattre.<\/li>\n<li>Les choix d&rsquo;orientation ou professionnels sont pris sans connaissance globale de l&rsquo;offre de formation ou du march\u00e9 de l&#8217;emploi.<\/li>\n<li>Un projet professionnel \u00e9volue en m\u00eame temps que l\u2019individu, il ne faut donc pas se focaliser sur le r\u00e9sultat mais sur la m\u00e9thodologie.<\/li>\n<li>Une r\u00e9ponse (un m\u00e9tier) sans prise de conscience de la part de l&rsquo;individu n\u2019est pas une finalit\u00e9<\/li>\n<li>Chaque individu doit \u00eatre autonome dans sa d\u00e9marche de construction de projet d&rsquo;orientation ou professionnel, il est important d&rsquo;apprendre \u00e0 chacun \u00e0 se rapprocher des personnes ou sources d&rsquo;informations pouvant l&rsquo;aider dans ce processus.<\/li>\n<li>Construire son projet professionnel demande du temps et de l\u2019investissement personnel.<\/li>\n<li>Apprendre en s&rsquo;amusant, \u00e7a marche plut\u00f4t bien avec les jeunes !<\/li>\n<\/ul>\n<blockquote><p><strong>Comment transf\u00e9rer ce concept en actions ?<\/strong><\/p><\/blockquote>\n<p style=\"text-align: justify;\">S&rsquo;adressant \u00e0 des jeunes, nous abordons ces th\u00e8mes par le biais d&rsquo;<strong>activit\u00e9s ludiques et courtes<\/strong> amenant chaque individu \u00e0 comprendre, assimiler et appliquer notre m\u00e9thodologie de construction de projet professionnel tout en d\u00e9veloppant leurs connaissances du monde professionnel, des fili\u00e8res\/formations et d&rsquo;eux-m\u00eames.<\/p>\n<p style=\"text-align: justify;\"><strong>Vous souhaitez davantage d&rsquo;informations sur notre m\u00e9thodologie ou vous souhaitez \u00eatre form\u00e9 \u00e0 celle-ci ? Nous sommes \u00e0 votre disposition pour toute information compl\u00e9mentaire.<\/strong><\/p>\n<div role=\"form\" class=\"wpcf7\" id=\"wpcf7-f3-o1\" lang=\"fr-FR\" dir=\"ltr\">\n<div class=\"screen-reader-response\"><\/div>\n<form action=\"\/index.php\/wp-json\/wp\/v2\/pages\/1302#wpcf7-f3-o1\" method=\"post\" class=\"wpcf7-form\" novalidate=\"novalidate\">\n<div style=\"display: none;\">\n<input type=\"hidden\" name=\"_wpcf7\" value=\"3\" \/>\n<input type=\"hidden\" name=\"_wpcf7_version\" value=\"4.9.1\" \/>\n<input type=\"hidden\" name=\"_wpcf7_locale\" value=\"fr_FR\" \/>\n<input type=\"hidden\" name=\"_wpcf7_unit_tag\" value=\"wpcf7-f3-o1\" \/>\n<input type=\"hidden\" name=\"_wpcf7_container_post\" value=\"0\" \/>\n<\/div>\n<p><label> Votre nom (obligatoire)<br \/>\n    <span class=\"wpcf7-form-control-wrap your-name\"><input type=\"text\" name=\"your-name\" value=\"\" size=\"40\" class=\"wpcf7-form-control wpcf7-text wpcf7-validates-as-required\" aria-required=\"true\" aria-invalid=\"false\" \/><\/span> <\/label><\/p>\n<p><label> Votre adresse de messagerie (obligatoire)<br \/>\n    <span class=\"wpcf7-form-control-wrap your-email\"><input type=\"email\" name=\"your-email\" value=\"\" size=\"40\" class=\"wpcf7-form-control wpcf7-text wpcf7-email wpcf7-validates-as-required wpcf7-validates-as-email\" aria-required=\"true\" aria-invalid=\"false\" \/><\/span> <\/label><\/p>\n<p><label> Objet<br \/>\n    <span class=\"wpcf7-form-control-wrap your-subject\"><input type=\"text\" name=\"your-subject\" value=\"\" size=\"40\" class=\"wpcf7-form-control wpcf7-text\" aria-invalid=\"false\" \/><\/span> <\/label><\/p>\n<p><label> Votre message<br \/>\n    <span class=\"wpcf7-form-control-wrap your-message\"><textarea name=\"your-message\" cols=\"40\" rows=\"10\" class=\"wpcf7-form-control wpcf7-textarea\" aria-invalid=\"false\"><\/textarea><\/span> <\/label><\/p>\n<p><input type=\"submit\" value=\"Envoyer\" class=\"wpcf7-form-control wpcf7-submit\" \/><\/p>\n<div class=\"wpcf7-response-output wpcf7-display-none\"><\/div><\/form><\/div>\n","protected":false},"excerpt":{"rendered":"<p>Notre m\u00e9thodologie repose sur les points suivants : La construction d\u2019un projet professionnel\/d&rsquo;orientation doit se baser sur le d\u00e9veloppement de trois types de connaissances (monde professionnel, fili\u00e8res\/formations, soi) et cr\u00e9er &#8230;<\/p>\n","protected":false},"author":1,"featured_media":0,"parent":0,"menu_order":0,"comment_status":"closed","ping_status":"closed","template":"","meta":{"_monsterinsights_skip_tracking":false,"_monsterinsights_sitenote_active":false,"_monsterinsights_sitenote_note":"","_monsterinsights_sitenote_category":0},"_links":{"self":[{"href":"https:\/\/sorienterensemble.fr\/index.php\/wp-json\/wp\/v2\/pages\/1302"}],"collection":[{"href":"https:\/\/sorienterensemble.fr\/index.php\/wp-json\/wp\/v2\/pages"}],"about":[{"href":"https:\/\/sorienterensemble.fr\/index.php\/wp-json\/wp\/v2\/types\/page"}],"author":[{"embeddable":true,"href":"https:\/\/sorienterensemble.fr\/index.php\/wp-json\/wp\/v2\/users\/1"}],"replies":[{"embeddable":true,"href":"https:\/\/sorienterensemble.fr\/index.php\/wp-json\/wp\/v2\/comments?post=1302"}],"version-history":[{"count":16,"href":"https:\/\/sorienterensemble.fr\/index.php\/wp-json\/wp\/v2\/pages\/1302\/revisions"}],"predecessor-version":[{"id":1530,"href":"https:\/\/sorienterensemble.fr\/index.php\/wp-json\/wp\/v2\/pages\/1302\/revisions\/1530"}],"wp:attachment":[{"href":"https:\/\/sorienterensemble.fr\/index.php\/wp-json\/wp\/v2\/media?parent=1302"}],"curies":[{"name":"wp","href":"https:\/\/api.w.org\/{rel}","templated":true}]}}