{"id":1285,"date":"2017-11-30T12:45:22","date_gmt":"2017-11-30T11:45:22","guid":{"rendered":"http:\/\/sorienterensemble.fr\/?page_id=1285"},"modified":"2022-01-25T17:17:56","modified_gmt":"2022-01-25T16:17:56","slug":"nos-actions","status":"publish","type":"page","link":"https:\/\/sorienterensemble.fr\/index.php\/nos-actions\/","title":{"rendered":"Nos actions"},"content":{"rendered":"<p><img loading=\"lazy\" class=\"alignnone size-large wp-image-1523\" src=\"https:\/\/sorienterensemble.fr\/wp-content\/uploads\/2017\/11\/photos-programmes-1024x686.png\" alt=\"\" width=\"800\" height=\"536\" srcset=\"https:\/\/sorienterensemble.fr\/wp-content\/uploads\/2017\/11\/photos-programmes-1024x686.png 1024w, https:\/\/sorienterensemble.fr\/wp-content\/uploads\/2017\/11\/photos-programmes-300x201.png 300w, https:\/\/sorienterensemble.fr\/wp-content\/uploads\/2017\/11\/photos-programmes-768x515.png 768w, https:\/\/sorienterensemble.fr\/wp-content\/uploads\/2017\/11\/photos-programmes.png 1531w\" sizes=\"(max-width: 800px) 100vw, 800px\" \/><\/p>\n<p style=\"text-align: justify;\"><strong>Nos actions ont pour objectif de stimuler la r\u00e9flexion des jeunes sur leur projet d\u2019orientation et\/ou professionnel <\/strong>en leur donnant envie d\u2019approfondir leurs connaissances du monde professionnel, en revenant sur les id\u00e9es re\u00e7ues de celui-ci ou de certaines formations\/fili\u00e8res ou en leur faisant d\u00e9couvrir des secteurs d&rsquo;activit\u00e9s par le biais d&rsquo;ateliers ludiques.<\/p>\n<p style=\"text-align: justify;\"><strong>\u00a0Vous repr\u00e9sentez un \u00e9tablissement scolaire, un PRE, une mairie, une MPT, BIJ, PIJ, etc&#8230; et souhaitez mettre en place l&rsquo;un de nos programmes, merci de nous contacter directement \u00e0 <a href=\"mailto:contact@sorienterensemble.fr\">contact@sorienterensemble.fr <\/a><br \/>\n<\/strong><\/p>\n<blockquote><p><strong>Nos programmes <\/strong><\/p><\/blockquote>\n<p style=\"text-align: justify;\">Tous nos programmes reposent sur la m\u00eame base; un ensemble d&rsquo;activit\u00e9s ludiques permettant <strong>de stimuler la r\u00e9flexion des jeunes sur leur projet d\u2019orientation et\/ou professionnel ou leur faisant d\u00e9couvrir de nouveaux domaines d&rsquo;activit\u00e9s<\/strong>. Les possibilit\u00e9s de d\u00e9ploiement \u00e9tant multiples et souvent li\u00e9es \u00e0 des contraintes (heures, lieu&#8230;), nos programmes sont <strong>flexibles<\/strong> et comportent de <strong>nombreuses options<\/strong> afin de r\u00e9pondre au mieux \u00e0 la demande des jeunes et de nos partenaires.<\/p>\n<hr \/>\n<p style=\"text-align: justify;\"><strong>Voici nos quatre principaux programmes :<\/strong><\/p>\n<hr \/>\n<p style=\"text-align: justify;\"><img loading=\"lazy\" class=\"size-medium wp-image-1430 alignleft\" src=\"https:\/\/sorienterensemble.fr\/wp-content\/uploads\/2017\/11\/Sensibilisation-300x300.png\" alt=\"\" width=\"300\" height=\"300\" srcset=\"https:\/\/sorienterensemble.fr\/wp-content\/uploads\/2017\/11\/Sensibilisation-300x300.png 300w, https:\/\/sorienterensemble.fr\/wp-content\/uploads\/2017\/11\/Sensibilisation-150x150.png 150w, https:\/\/sorienterensemble.fr\/wp-content\/uploads\/2017\/11\/Sensibilisation-768x768.png 768w, https:\/\/sorienterensemble.fr\/wp-content\/uploads\/2017\/11\/Sensibilisation-1024x1024.png 1024w, https:\/\/sorienterensemble.fr\/wp-content\/uploads\/2017\/11\/Sensibilisation.png 1181w\" sizes=\"(max-width: 300px) 100vw, 300px\" \/><\/p>\n<p style=\"text-align: justify;\"><strong>Dur\u00e9e :<\/strong> 3 heures<\/p>\n<p style=\"text-align: justify;\"><strong>Cibles :<\/strong>\u00a04\u00e8me &#8211; 3\u00e8me &#8211; 5\u00e8me SEGPA &#8211; 4\u00e8me SEGPA &#8211; 3\u00e8me SEGPA &#8211; UPE2A<\/p>\n<p style=\"text-align: justify;\"><strong>Nb participants :<\/strong> 6 \u00e0 28 jeunes<\/p>\n<p style=\"text-align: justify;\"><strong>Lieux d&rsquo;animation :<\/strong> \u00e9tablissements scolaires, MJC, entreprises, BIJ, missions locales&#8230;<\/p>\n<p style=\"text-align: justify;\"><strong>Objectif :<\/strong>\u00a0Pr\u00e9senter les diff\u00e9rentes voies post 3\u00e8me et sensibiliser les jeunes \u00e0 l&rsquo;importance de r\u00e9fl\u00e9chir \u00e0 leur projet d&rsquo;orientation ou professionnel en leur donnant envie d\u2019approfondir leurs connaissances du monde professionnel (en terme de m\u00e9tiers, mani\u00e8re de travailler, \u00e9volution, march\u00e9 de l&#8217;emploi\u2026), tout en revenant \u00e9galement sur les id\u00e9es re\u00e7ues (m\u00e9tiers, formations, fili\u00e8res&#8230;) de fa\u00e7on \u00e0 stimuler positivement leur r\u00e9flexion sur leur projet d\u2019orientation et\/ou professionnel.<\/p>\n<hr \/>\n<p style=\"text-align: justify;\"><img loading=\"lazy\" class=\"size-medium wp-image-1431 alignleft\" src=\"https:\/\/sorienterensemble.fr\/wp-content\/uploads\/2017\/11\/Stage-300x300.png\" alt=\"logo programme Stage &quot;S'orienter Ensemble&quot;\" width=\"300\" height=\"300\" srcset=\"https:\/\/sorienterensemble.fr\/wp-content\/uploads\/2017\/11\/Stage-300x300.png 300w, https:\/\/sorienterensemble.fr\/wp-content\/uploads\/2017\/11\/Stage-150x150.png 150w, https:\/\/sorienterensemble.fr\/wp-content\/uploads\/2017\/11\/Stage-768x768.png 768w, https:\/\/sorienterensemble.fr\/wp-content\/uploads\/2017\/11\/Stage-1024x1024.png 1024w, https:\/\/sorienterensemble.fr\/wp-content\/uploads\/2017\/11\/Stage.png 1181w\" sizes=\"(max-width: 300px) 100vw, 300px\" \/><\/p>\n<p style=\"text-align: justify;\"><strong>Dur\u00e9e :<\/strong> 15 heures (2,5 jours) en collectif et 30min d&rsquo;entretien individuel<\/p>\n<p style=\"text-align: justify;\"><strong>Cibles :<\/strong>\u00a03\u00e8me &#8211; 3\u00e8me Pr\u00e9pa M\u00e9tiers &#8211; 4\u00e8me SEGPA &#8211; 3\u00e8me SEGPA &#8211;<\/p>\n<p style=\"text-align: justify;\"><strong>Nb participants :<\/strong> 6 \u00e0 28 jeunes<\/p>\n<p style=\"text-align: justify;\"><strong>Lieux d&rsquo;animation :<\/strong> \u00e9tablissements scolaires, MJC, entreprises, BIJ, missions locales&#8230;<\/p>\n<p style=\"text-align: justify;\"><strong>Objectif :<\/strong> Stimuler la r\u00e9flexion de chaque jeune sur son projet d&rsquo;orientation et\/ou professionnel en d\u00e9veloppant leurs connaissances du monde professionnel, des fili\u00e8res et formations et leur connaissance de soi tout en les incitant \u00e0 dresser une feuille de route de leur projet professionnel ou d&rsquo;orientation. Une visite en CFA est inclue dans chaque programme.<\/p>\n<p style=\"text-align: justify;\"><strong>Options :<\/strong> le programme est adapt\u00e9 selon les sp\u00e9cificit\u00e9s du public b\u00e9n\u00e9ficiaire. Il est possible de rajouter un entretien individuel avant le d\u00e9but du programme, de faire une r\u00e9union d&rsquo;informations aupr\u00e8s des parents, etc.<\/p>\n<hr \/>\n<p style=\"text-align: justify;\"><img loading=\"lazy\" class=\"size-medium wp-image-1504 alignleft\" src=\"https:\/\/sorienterensemble.fr\/wp-content\/uploads\/2017\/11\/D\u00e9couverte-300x300.png\" alt=\"\" width=\"300\" height=\"300\" srcset=\"https:\/\/sorienterensemble.fr\/wp-content\/uploads\/2017\/11\/D\u00e9couverte-300x300.png 300w, https:\/\/sorienterensemble.fr\/wp-content\/uploads\/2017\/11\/D\u00e9couverte-150x150.png 150w, https:\/\/sorienterensemble.fr\/wp-content\/uploads\/2017\/11\/D\u00e9couverte-768x768.png 768w, https:\/\/sorienterensemble.fr\/wp-content\/uploads\/2017\/11\/D\u00e9couverte-1024x1024.png 1024w, https:\/\/sorienterensemble.fr\/wp-content\/uploads\/2017\/11\/D\u00e9couverte.png 1181w\" sizes=\"(max-width: 300px) 100vw, 300px\" \/><\/p>\n<p style=\"text-align: justify;\"><strong>Dur\u00e9e :<\/strong>\u00a0 2 heures<\/p>\n<p style=\"text-align: justify;\"><strong>Cibles :<\/strong> 6\u00e8me &#8211; 5\u00e8me<\/p>\n<p style=\"text-align: justify;\"><strong>Nb participants :<\/strong>\u00a05 \u00e0 28 jeunes<\/p>\n<p style=\"text-align: justify;\"><strong>Lieux d&rsquo;animation :<\/strong> \u00e9tablissements scolaires, MJC, BIJ&#8230;<\/p>\n<p style=\"text-align: justify;\"><strong>Objectif :\u00a0<\/strong>Faire d\u00e9couvrir aux jeunes un domaine d\u2019activit\u00e9s \u00e0 fort potentiel de mani\u00e8re simple, ludique et innovante. Ce programme est d\u00e9clin\u00e9 en quatre versions; une par domaine d&rsquo;activit\u00e9. Les domaines retenus sont : M\u00e9tiers de l&rsquo;Environnement, M\u00e9tiers de la Construction Durable, M\u00e9tiers des Nouvelles Technologies, M\u00e9tiers d&rsquo;Art et d&rsquo;Artisanat.<\/p>\n<p style=\"text-align: justify;\"><strong>Options :<\/strong>\u00a0Le partenaire souhaitant d\u00e9ployer ce programme peut choisir une, deux, trois ou quatre d\u00e9clinaisons. Chaque programme est ind\u00e9pendant.<\/p>\n<hr \/>\n<p style=\"text-align: justify;\"><img loading=\"lazy\" class=\"size-medium wp-image-1434 alignleft\" src=\"https:\/\/sorienterensemble.fr\/wp-content\/uploads\/2017\/11\/transmission-300x300.png\" alt=\"logo programme Transmission &quot;S'orienter Ensemble&quot;\" width=\"300\" height=\"300\" srcset=\"https:\/\/sorienterensemble.fr\/wp-content\/uploads\/2017\/11\/transmission-300x300.png 300w, https:\/\/sorienterensemble.fr\/wp-content\/uploads\/2017\/11\/transmission-150x150.png 150w, https:\/\/sorienterensemble.fr\/wp-content\/uploads\/2017\/11\/transmission-768x768.png 768w, https:\/\/sorienterensemble.fr\/wp-content\/uploads\/2017\/11\/transmission-1024x1024.png 1024w, https:\/\/sorienterensemble.fr\/wp-content\/uploads\/2017\/11\/transmission.png 1181w\" sizes=\"(max-width: 300px) 100vw, 300px\" \/><\/p>\n<p style=\"text-align: justify;\"><strong>Dur\u00e9e :<\/strong>\u00a0 3 heures<\/p>\n<p style=\"text-align: justify;\"><strong>Cibles :<\/strong> Parents, animateur BIJ, PRE, MJC&#8230;<\/p>\n<p style=\"text-align: justify;\"><strong>Nb participants :<\/strong> 1 \u00e0 20 adultes<\/p>\n<p style=\"text-align: justify;\"><strong>Lieux d&rsquo;animation :<\/strong> \u00e9tablissements scolaires, MJC, entreprises, BIJ, missions locales, universit\u00e9s&#8230;<\/p>\n<p style=\"text-align: justify;\"><strong>Objectif :<\/strong> Transmettre la m\u00e9thodologie \u00ab\u00a0S&rsquo;orienter Ensemble\u00a0\u00bb afin qu&rsquo;elle puisse \u00eatre d\u00e9ploy\u00e9e au plus grand nombre.<\/p>\n<p style=\"text-align: justify;\"><strong>Options :<\/strong> Possibilit\u00e9 de faire plusieurs s\u00e9ances dans l&rsquo;ann\u00e9e afin de mesurer l&rsquo;impact ou revenir sur des difficult\u00e9s rencontr\u00e9es.<\/p>\n<p>&nbsp;<\/p>\n<hr \/>\n<p style=\"text-align: justify;\">Vous avez une question ? Peut-\u00eatre y trouverez vous une r\u00e9ponse ci-dessous !<\/p>\n<blockquote><p><strong>Vos programmes sont-ils adapt\u00e9s \u00e0 tous les \u00e9l\u00e8ves ?<\/strong><\/p><\/blockquote>\n<p style=\"text-align: justify;\">Oui, quels que soient leurs r\u00e9sultats scolaires, leur comportement ou leur projet d&rsquo;orientation. <strong>Nos programmes sont adapt\u00e9s \u00e0 chaque typologie d&rsquo;\u00e9l\u00e8ves.\u00a0<\/strong><\/p>\n<blockquote><p><strong>Sur quels temps peuvent \u00eatre d\u00e9ploy\u00e9es ces actions ?<\/strong><\/p><\/blockquote>\n<p style=\"text-align: justify;\">Hors temps scolaire : \u00e0 n&rsquo;importe quel moment, du moment que les jeunes sont disponibles ! (mercredi apr\u00e8s-midi, vacances&#8230;)<br \/>\nTemps scolaire : n\u00e9cessite obligatoirement de trouver un am\u00e9nagement horaire ou d&rsquo;utiliser des heures \u00e0 disposition de l&rsquo;\u00e9tablissement scolaire <strong>(IMP, heures de vie de classe, Parcours Avenir&#8230;)<\/strong>.<\/p>\n<blockquote><p><strong>Qui peut animer ces actions ?<\/strong><\/p><\/blockquote>\n<p style=\"text-align: justify;\">Tous les programmes de l&rsquo;association sont anim\u00e9s \u00e0 100% par des salari\u00e9s professionnels de l&rsquo;association. Des volontaires en service civique peuvent \u00eatre pr\u00e9sents durant nos animations. Leur r\u00f4le est d&rsquo;assister nos intervenants professionnels tout en \u00e9tant form\u00e9s aux m\u00e9tiers de l&rsquo;animation, \u00e0 la gestion d&rsquo;un groupe et \u00e0 communication face \u00e0 un public.<\/p>\n<p style=\"text-align: justify;\">\n<blockquote><p><strong>Comment mesurez-vous vos r\u00e9sultats ?<\/strong><\/p><\/blockquote>\n<p>Tous les \u00e9l\u00e8ves doivent remplir un questionnaire de satisfaction \u00e0 la fin de nos programmes. Cela nous permet d&rsquo;\u00eatre dans une <strong>d\u00e9marche d&rsquo;am\u00e9lioration continue<\/strong>. Nous demandons \u00e9galement aux enseignants et chefs d&rsquo;\u00e9tablissement de nous faire un retour sur nos interventions<\/p>\n<blockquote><p><strong>Quel est le co\u00fbt de vos programmes\u00a0?<\/strong><\/p><\/blockquote>\n<p style=\"text-align: justify;\">Nos programmes seront toujours <strong>gratuits pour le public b\u00e9n\u00e9ficiaire<\/strong> (les jeunes). En tant qu&rsquo;association, nous pr\u00f4nons l&rsquo;\u00e9galit\u00e9 pour tous sans conditions. N\u00e9anmoins, la mise en place de ces programmes \u00e0 un co\u00fbt (formation, animation, r\u00e9daction &amp; \u00e9dition des livrets, mise \u00e0 jour des outils, suivi, mise en place de l&rsquo;action&#8230;) n\u00e9cessitant un financement. Afin que le plus grand nombre puisse b\u00e9n\u00e9ficier de nos actions, nous sollicitons les collectivit\u00e9s (jeunesse, PRE&#8230;), les d\u00e9partements, les r\u00e9gions, les fondations d&rsquo;entreprises et tous les organismes pouvant nous aider pour financer nos actions.<\/p>\n<blockquote><p><strong>Est-il possible d&rsquo;avoir un aper\u00e7u de vos programmes ?<\/strong><\/p><\/blockquote>\n<p style=\"text-align: justify;\">Oui, bien s\u00fbr, pour cela, n&rsquo;h\u00e9sitez pas \u00e0 nous contacter; que cela soit pour assister \u00e0 une s\u00e9ance ou pour d\u00e9couvrir nos outils, nous sommes \u00e0 votre disposition.<\/p>\n<blockquote><p><strong>Quelle est votre territoire d&rsquo;intervention ?<br \/>\n<\/strong><\/p><\/blockquote>\n<p style=\"text-align: justify;\">Principalement l&rsquo;Ile de France, et plus sp\u00e9cifiquement l&rsquo;acad\u00e9mie de Cr\u00e9teil (Seine Saint Denis, Val de Marne, Seine et Marne), pour laquelle<strong> nous proposons des outils adapt\u00e9s aux sp\u00e9cificit\u00e9s du territoire<\/strong>. N\u00e9anmoins, nos \u00e9quipes peuvent ponctuellement se d\u00e9placer en dehors de ce territoire. Une antenne a \u00e9galement \u00e9t\u00e9 cr\u00e9\u00e9 en Occitanie en 2022.<\/p>\n<blockquote><p><strong>Aucun de vos programmes ne correspond totalement \u00e0 mes attentes\/besoins, que faire ?<br \/>\n<\/strong><\/p><\/blockquote>\n<p>Le plus simple est de nous contacter, nous pourrons ainsi en discuter directement. Nous proposons des formules sur mesure \u00e0 certains de nos partenaires (r\u00e9union d&rsquo;informations parents, permanence orientation, journ\u00e9e Innovation Sociale&#8230;).<\/p>\n<p style=\"text-align: justify;\"><strong>Pour toute question compl\u00e9mentaire, n&rsquo;h\u00e9sitez pas \u00e0 nous contacter !<\/strong><\/p>\n<div role=\"form\" class=\"wpcf7\" id=\"wpcf7-f3-o1\" lang=\"fr-FR\" dir=\"ltr\">\n<div class=\"screen-reader-response\"><\/div>\n<form action=\"\/index.php\/wp-json\/wp\/v2\/pages\/1285#wpcf7-f3-o1\" method=\"post\" class=\"wpcf7-form\" novalidate=\"novalidate\">\n<div style=\"display: none;\">\n<input type=\"hidden\" name=\"_wpcf7\" value=\"3\" \/>\n<input type=\"hidden\" name=\"_wpcf7_version\" value=\"4.9.1\" \/>\n<input type=\"hidden\" name=\"_wpcf7_locale\" value=\"fr_FR\" \/>\n<input type=\"hidden\" name=\"_wpcf7_unit_tag\" value=\"wpcf7-f3-o1\" \/>\n<input type=\"hidden\" name=\"_wpcf7_container_post\" value=\"0\" \/>\n<\/div>\n<p><label> Votre nom (obligatoire)<br \/>\n    <span class=\"wpcf7-form-control-wrap your-name\"><input type=\"text\" name=\"your-name\" value=\"\" size=\"40\" class=\"wpcf7-form-control wpcf7-text wpcf7-validates-as-required\" aria-required=\"true\" aria-invalid=\"false\" \/><\/span> <\/label><\/p>\n<p><label> Votre adresse de messagerie (obligatoire)<br \/>\n    <span class=\"wpcf7-form-control-wrap your-email\"><input type=\"email\" name=\"your-email\" value=\"\" size=\"40\" class=\"wpcf7-form-control wpcf7-text wpcf7-email wpcf7-validates-as-required wpcf7-validates-as-email\" aria-required=\"true\" aria-invalid=\"false\" \/><\/span> <\/label><\/p>\n<p><label> Objet<br \/>\n    <span class=\"wpcf7-form-control-wrap your-subject\"><input type=\"text\" name=\"your-subject\" value=\"\" size=\"40\" class=\"wpcf7-form-control wpcf7-text\" aria-invalid=\"false\" \/><\/span> <\/label><\/p>\n<p><label> Votre message<br \/>\n    <span class=\"wpcf7-form-control-wrap your-message\"><textarea name=\"your-message\" cols=\"40\" rows=\"10\" class=\"wpcf7-form-control wpcf7-textarea\" aria-invalid=\"false\"><\/textarea><\/span> <\/label><\/p>\n<p><input type=\"submit\" value=\"Envoyer\" class=\"wpcf7-form-control wpcf7-submit\" \/><\/p>\n<div class=\"wpcf7-response-output wpcf7-display-none\"><\/div><\/form><\/div>\n","protected":false},"excerpt":{"rendered":"<p>Nos actions ont pour objectif de stimuler la r\u00e9flexion des jeunes sur leur projet d\u2019orientation et\/ou professionnel en leur donnant envie d\u2019approfondir leurs connaissances du monde professionnel, en revenant sur &#8230;<\/p>\n","protected":false},"author":1,"featured_media":0,"parent":0,"menu_order":0,"comment_status":"closed","ping_status":"closed","template":"","meta":{"_monsterinsights_skip_tracking":false,"_monsterinsights_sitenote_active":false,"_monsterinsights_sitenote_note":"","_monsterinsights_sitenote_category":0},"_links":{"self":[{"href":"https:\/\/sorienterensemble.fr\/index.php\/wp-json\/wp\/v2\/pages\/1285"}],"collection":[{"href":"https:\/\/sorienterensemble.fr\/index.php\/wp-json\/wp\/v2\/pages"}],"about":[{"href":"https:\/\/sorienterensemble.fr\/index.php\/wp-json\/wp\/v2\/types\/page"}],"author":[{"embeddable":true,"href":"https:\/\/sorienterensemble.fr\/index.php\/wp-json\/wp\/v2\/users\/1"}],"replies":[{"embeddable":true,"href":"https:\/\/sorienterensemble.fr\/index.php\/wp-json\/wp\/v2\/comments?post=1285"}],"version-history":[{"count":43,"href":"https:\/\/sorienterensemble.fr\/index.php\/wp-json\/wp\/v2\/pages\/1285\/revisions"}],"predecessor-version":[{"id":1601,"href":"https:\/\/sorienterensemble.fr\/index.php\/wp-json\/wp\/v2\/pages\/1285\/revisions\/1601"}],"wp:attachment":[{"href":"https:\/\/sorienterensemble.fr\/index.php\/wp-json\/wp\/v2\/media?parent=1285"}],"curies":[{"name":"wp","href":"https:\/\/api.w.org\/{rel}","templated":true}]}}